{"id":11,"date":"2017-12-18T17:52:53","date_gmt":"2017-12-18T16:52:53","guid":{"rendered":"https:\/\/www.ecuries-jolly.com\/?page_id=11"},"modified":"2020-11-24T18:21:32","modified_gmt":"2020-11-24T17:21:32","slug":"les-ecuries","status":"publish","type":"page","link":"https:\/\/www.ecuries-jolly.com\/fr\/les-ecuries\/","title":{"rendered":"Les \u00c9curies"},"content":{"rendered":"<div class=\"wpb-content-wrapper\"><p>[vc_row][vc_column][vc_separator color=\u00a0\u00bbchino\u00a0\u00bb style=\u00a0\u00bbdouble\u00a0\u00bb css_animation=\u00a0\u00bbfadeIn\u00a0\u00bb][\/vc_column][\/vc_row][vc_row][vc_column][vc_column_text css_animation=\u00a0\u00bbbottom-to-top\u00a0\u00bb]<\/p>\n<h2 style=\"text-align: center;\">Nous vous accueillons \u00e0 La Cambe dans le Calvados.<br \/>\n21ha d\u00e9di\u00e9s \u00e0 notre passion \u00e0 30mn de Caen et St L\u00f4 et 3h de Paris.<br \/>\nAcc\u00e8s imm\u00e9diat depuis la N13.<\/h2>\n<p>[\/vc_column_text][\/vc_column][\/vc_row][vc_row][vc_column][vc_separator color=\u00a0\u00bbchino\u00a0\u00bb style=\u00a0\u00bbdouble\u00a0\u00bb css_animation=\u00a0\u00bbfadeIn\u00a0\u00bb][\/vc_column][\/vc_row][vc_row][vc_column][vc_column_text css_animation=\u00a0\u00bbfadeIn\u00a0\u00bb]<\/p>\n<h3>INSTALLATIONS<\/h3>\n<p>[\/vc_column_text][vc_gallery type=\u00a0\u00bbimage_grid\u00a0\u00bb images=\u00a0\u00bb581,120,396,398&Prime; img_size=\u00a0\u00bb280&#215;220&Prime; css_animation=\u00a0\u00bbfadeIn\u00a0\u00bb][vc_row_inner][vc_column_inner width=\u00a0\u00bb1\/3&Prime;][vc_column_text css_animation=\u00a0\u00bbfadeIn\u00a0\u00bb]<\/p>\n<ul>\n<li>30 boxes dont 8 boxes poulinage et entiers<\/li>\n<li>Douche avec eau chaude<\/li>\n<li>Sellerie propri\u00e9taires<\/li>\n<li>Carri\u00e8re 75 x 40 m en sable de Fontainebleau<\/li>\n<li>Marcheur 6 places<\/li>\n<\/ul>\n<p>[\/vc_column_text][\/vc_column_inner][vc_column_inner width=\u00a0\u00bb1\/3&Prime;][vc_column_text css_animation=\u00a0\u00bbfadeIn\u00a0\u00bb]<\/p>\n<ul>\n<li>Piste de galop 1000m<\/li>\n<li>Piste de trot 600m<\/li>\n<li>19 paddocks avec abris \u2013 cl\u00f4tur\u00e9s en lices bois<\/li>\n<li>2 stabulations<\/li>\n<li>Rond d&rsquo;Avrincourt<\/li>\n<\/ul>\n<p>[\/vc_column_text][\/vc_column_inner][vc_column_inner width=\u00a0\u00bb1\/3&Prime;][vc_column_text css_animation=\u00a0\u00bbfadeIn\u00a0\u00bb]<\/p>\n<ul>\n<li>Chemins de trotting<\/li>\n<li>Machine \u00e0 laver My Groom<\/li>\n<li>Plage \u00e0 10mn<\/li>\n<li>Camion PL 7 places<\/li>\n<li>Camion VL 2 places<\/li>\n<\/ul>\n<p>[\/vc_column_text][\/vc_column_inner][\/vc_row_inner][vc_gallery type=\u00a0\u00bbimage_grid\u00a0\u00bb images=\u00a0\u00bb114,86,186,118&Prime; img_size=\u00a0\u00bb280&#215;220&Prime; css_animation=\u00a0\u00bbfadeIn\u00a0\u00bb][\/vc_column][\/vc_row][vc_row][vc_column][vc_separator color=\u00a0\u00bbchino\u00a0\u00bb style=\u00a0\u00bbdouble\u00a0\u00bb css_animation=\u00a0\u00bbfadeIn\u00a0\u00bb][\/vc_column][\/vc_row][vc_row][vc_column][vc_column_text css_animation=\u00a0\u00bbfadeIn\u00a0\u00bb]<\/p>\n<h3>STAFF<\/h3>\n<p>[\/vc_column_text][vc_row_inner][vc_column_inner width=\u00a0\u00bb1\/6&Prime;][vc_single_image image=\u00a0\u00bb184&Prime; img_size=\u00a0\u00bb350&#215;350&Prime; alignment=\u00a0\u00bbcenter\u00a0\u00bb style=\u00a0\u00bbvc_box_circle\u00a0\u00bb css_animation=\u00a0\u00bbfadeIn\u00a0\u00bb][\/vc_column_inner][vc_column_inner width=\u00a0\u00bb5\/6&Prime;][vc_column_text css_animation=\u00a0\u00bbfadeIn\u00a0\u00bb]<\/p>\n<h4>Pierre-Jean JOLLY<\/h4>\n<p>Cavalier professionnel et titulaire du monitorat. Apr\u00e8s avoir fait ses classes sur le circuit junior, Pierre-Jean passe trois ans en Allemagne en tant que cavalier chez Paul Schockem\u00f6hle. Il part ensuite au Canada chez Roger Deslauriers avant de s\u2019\u00e9tablir en Normandie o\u00f9 il collabore avec l\u2019\u00e9levage de B\u2019neville et l\u2019Ecurie Epaillard. Passionn\u00e9 par le travail du jeune cheval, il met aujourd\u2019hui son exp\u00e9rience au service des propri\u00e9taires et des \u00e9leveurs. P\u00e9dagogue et impliqu\u00e9 dans la r\u00e9ussite de ses \u00e9l\u00e8ves, il propose \u00e9galement un coaching personnalis\u00e9 aux cavaliers.[\/vc_column_text][\/vc_column_inner][\/vc_row_inner][vc_row_inner][vc_column_inner width=\u00a0\u00bb5\/6&Prime;][vc_column_text css_animation=\u00a0\u00bbfadeIn\u00a0\u00bb]<\/p>\n<h4>Alexiane LACHERET<\/h4>\n<p>Au sein des \u00e9curies depuis 3 ans dans le cadre d\u2019un contrat de professionnalisation, Alexiane est \u00e9l\u00e8ve \u00e0 la MFR de Balleroy. Son r\u00f4le est polyvalent aux \u00e9curies. Elle entretient les chevaux et les installations, monte \u00e0 cheval, groome en concours. Toujours souriante et serviable, elle accueille nos clients.[\/vc_column_text][\/vc_column_inner][vc_column_inner width=\u00a0\u00bb1\/6&Prime;][vc_single_image image=\u00a0\u00bb154&Prime; img_size=\u00a0\u00bb350&#215;350&Prime; alignment=\u00a0\u00bbcenter\u00a0\u00bb style=\u00a0\u00bbvc_box_circle\u00a0\u00bb css_animation=\u00a0\u00bbfadeIn\u00a0\u00bb][\/vc_column_inner][\/vc_row_inner][vc_row_inner][vc_column_inner width=\u00a0\u00bb1\/6&Prime;][vc_single_image image=\u00a0\u00bb153&Prime; img_size=\u00a0\u00bb350&#215;350&Prime; alignment=\u00a0\u00bbcenter\u00a0\u00bb style=\u00a0\u00bbvc_box_circle\u00a0\u00bb css_animation=\u00a0\u00bbfadeIn\u00a0\u00bb][\/vc_column_inner][vc_column_inner width=\u00a0\u00bb5\/6&Prime;][vc_column_text css_animation=\u00a0\u00bbfadeIn\u00a0\u00bb]<\/p>\n<h4>Juliette LE VAGUERESE<\/h4>\n<p>Conjointe de Pierre-Jean et cavali\u00e8re amateur. Bilingue, Juliette s\u2019occupe des stagiaires et clients \u00e9trangers qui sont accueillis aux \u00e9curies. S\u2019appuyant sur ses cinq ann\u00e9es d\u2019exp\u00e9rience, elle dispense des le\u00e7ons d\u2019anglais et de fran\u00e7ais \u00e0 nos \u00e9l\u00e8ves. Aux \u00e9curies, elle s&rsquo;occupe de la partie \u00e9levage.[\/vc_column_text][\/vc_column_inner][\/vc_row_inner][\/vc_column][\/vc_row][vc_row][vc_column][vc_separator color=\u00a0\u00bbchino\u00a0\u00bb style=\u00a0\u00bbdouble\u00a0\u00bb css_animation=\u00a0\u00bbfadeIn\u00a0\u00bb][\/vc_column][\/vc_row][vc_row][vc_column][vc_column_text css_animation=\u00a0\u00bbfadeIn\u00a0\u00bb]<\/p>\n<h3>NOS \u00c9L\u00c8VES \u00c9TRANGERS PARLENT DE NOUS :<\/h3>\n<p>[\/vc_column_text]<div id=\"ult-carousel-23846783869ecd4960c087\" class=\"ult-carousel-wrapper   ult_horizontal\" data-gutter=\"15\" data-rtl=\"false\" ><div class=\"ult-carousel-181091709469ecd4960bf50 \" >[vc_column_text]<em>\u00abMonter avec Pierre-Jean m\u2019a rendu confiante et m\u2019a permis d\u2019apprendre \u00e0 m\u2019adapter \u00e0 des <\/em><em>chevaux tr\u00e8s diff\u00e9rents. J\u2019ai beaucoup progress\u00e9 car il a su cibler mes besoins en tant que cavali\u00e8re. <\/em><em>Cette ann\u00e9e, j\u2019ai le projet d\u2019acheter un jeune cheval afin d\u2019apprendre encore plus sur le travail et le <\/em><em>commerce des chevaux. ECURIES JOLLY n\u2019est pas seulement l\u2019\u00e9curie o\u00f9 je monte, c\u2019est aussi une <\/em><em>deuxi\u00e8me maison et une deuxi\u00e8me famille !\u00bb<\/em><\/p>\n<p>Savannah STONE (ETATS-UNIS)[\/vc_column_text][vc_column_text]<em>\u00abJ\u2019ai r\u00e9alis\u00e9 que beaucoup de talentueux cavaliers am\u00e9ricains de haut-niveau s\u2019entra\u00eenent en <\/em><em>Europe. J\u2019ai incroyablement progress\u00e9 en un an en France. Ici les cavaliers sont passionn\u00e9s et <\/em><em>totalement d\u00e9di\u00e9s \u00e0 leurs chevaux. C\u2019est aussi pour \u00e7a que je suis l\u00e0.\u00bb<\/em><\/p>\n<p>Alexandra HOWARD (ETATS-UNIS)[\/vc_column_text][vc_column_text]<em>\u00abS\u00e9journer aux ECURIES JOLLY est la meilleure fa\u00e7on de passer l\u2019\u00e9t\u00e9 ! J\u2019y reviens chaque ann\u00e9e. Top chevaux, \u00e9quipe super attentionn\u00e9e et toujours souriante, coach g\u00e9nial\u2026sans parler de la cuisine fran\u00e7aise ! C\u2019est plus qu\u2019une deuxi\u00e8me maison pour moi et si je le pouvais, je resterais pour plusieurs mois.\u00bb<\/em><\/p>\n<p>Franklin WIBISONO (INDONESIE)[\/vc_column_text]<\/div><\/div>\t\t\t<script type=\"text\/javascript\">\r\n\t\t\t\tjQuery(document).ready(function ($) {\r\n\t\t\t\t\tif( typeof jQuery('.ult-carousel-181091709469ecd4960bf50').slick == \"function\"){\r\n\t\t\t\t\t\t$('.ult-carousel-181091709469ecd4960bf50').slick({dots: true,autoplay: true,autoplaySpeed: 5000,speed: 300,infinite: true,arrows: true,nextArrow: '<button type=\"button\" role=\"button\" aria-label=\"Next\" style=\"color:#333333; font-size:20px;\" class=\"slick-next default\"><i class=\"ultsl-arrow-right4\"><\/i><\/button>',prevArrow: '<button type=\"button\" role=\"button\" aria-label=\"Previous\" style=\"color:#333333; font-size:20px;\" class=\"slick-prev default\"><i class=\"ultsl-arrow-left4\"><\/i><\/button>',slidesToScroll:1,slidesToShow:1,swipe: true,draggable: true,touchMove: true,pauseOnHover: true,responsive: [\r\n\t\t\t\t\t\t\t{\r\n\t\t\t\t\t\t\t  breakpoint: 1025,\r\n\t\t\t\t\t\t\t  settings: {\r\n\t\t\t\t\t\t\t\tslidesToShow: 1,\r\n\t\t\t\t\t\t\t\tslidesToScroll: 1,  \r\n\t\t\t\t\t\t\t  }\r\n\t\t\t\t\t\t\t},\r\n\t\t\t\t\t\t\t{\r\n\t\t\t\t\t\t\t  breakpoint: 769,\r\n\t\t\t\t\t\t\t  settings: {\r\n\t\t\t\t\t\t\t\tslidesToShow: 1,\r\n\t\t\t\t\t\t\t\tslidesToScroll: 1\r\n\t\t\t\t\t\t\t  }\r\n\t\t\t\t\t\t\t},\r\n\t\t\t\t\t\t\t{\r\n\t\t\t\t\t\t\t  breakpoint: 481,\r\n\t\t\t\t\t\t\t  settings: {\r\n\t\t\t\t\t\t\t\tslidesToShow: 1,\r\n\t\t\t\t\t\t\t\tslidesToScroll: 1\r\n\t\t\t\t\t\t\t  }\r\n\t\t\t\t\t\t\t}\r\n\t\t\t\t\t\t],pauseOnDotsHover: true,customPaging: function(slider, i) {\r\n                   return '<i type=\"button\" style= \"color:#333333;\" class=\"ultsl-record\" data-role=\"none\"><\/i>';\r\n                },});\r\n\t\t\t\t\t}\r\n\t\t\t\t});\r\n\t\t\t<\/script>\r\n\t\t\t[\/vc_column][\/vc_row]<\/p>\n<\/div>","protected":false},"excerpt":{"rendered":"<p> Nous vous accueillons \u00e0 La Cambe dans le Calvados. 21ha d\u00e9di\u00e9s \u00e0 notre passion \u00e0 30mn de Caen et St L\u00f4 et 3h de Paris. Acc\u00e8s imm\u00e9diat depuis la N13.  INSTALLATIONS  30 boxes dont 8 boxes poulinage et entiers Douche avec eau chaude Sellerie propri\u00e9taires Carri\u00e8re 75 x 40 m en sable de Fontainebleau Marcheur 6 places  Piste de galop 1000m Piste de trot 600m 19 paddocks avec abris \u2013 cl\u00f4tur\u00e9s en lices bois 2 stabulations Rond d&rsquo;Avrincourt <\/p>\n","protected":false},"author":2,"featured_media":0,"parent":0,"menu_order":0,"comment_status":"closed","ping_status":"closed","template":"","meta":{"footnotes":""},"tags":[],"class_list":["post-11","page","type-page","status-publish","hentry"],"yoast_head":"<!-- This site is optimized with the Yoast SEO plugin v27.2 - https:\/\/yoast.com\/product\/yoast-seo-wordpress\/ -->\n<title>Les \u00c9curies - \u00c9curies Jolly<\/title>\n<meta name=\"robots\" content=\"index, follow, max-snippet:-1, max-image-preview:large, max-video-preview:-1\" \/>\n<link rel=\"canonical\" href=\"http:\/\/www.ecuries-jolly.com\/fr\/les-ecuries\/\" \/>\n<meta property=\"og:locale\" content=\"fr_FR\" \/>\n<meta property=\"og:type\" content=\"article\" \/>\n<meta property=\"og:title\" content=\"Les \u00c9curies - \u00c9curies Jolly\" \/>\n<meta property=\"og:description\" content=\"Nous vous accueillons \u00e0 La Cambe dans le Calvados. 21ha d\u00e9di\u00e9s \u00e0 notre passion \u00e0 30mn de Caen et St L\u00f4 et 3h de Paris. Acc\u00e8s imm\u00e9diat depuis la N13. INSTALLATIONS 30 boxes dont 8 boxes poulinage et entiers Douche avec eau chaude Sellerie propri\u00e9taires Carri\u00e8re 75 x 40 m en sable de Fontainebleau Marcheur 6 places Piste de galop 1000m Piste de trot 600m 19 paddocks avec abris \u2013 cl\u00f4tur\u00e9s en lices bois 2 stabulations Rond d&rsquo;Avrincourt\" \/>\n<meta property=\"og:url\" content=\"http:\/\/www.ecuries-jolly.com\/fr\/les-ecuries\/\" \/>\n<meta property=\"og:site_name\" content=\"\u00c9curies Jolly\" \/>\n<meta property=\"article:modified_time\" content=\"2020-11-24T17:21:32+00:00\" \/>\n<meta name=\"twitter:card\" content=\"summary_large_image\" \/>\n<meta name=\"twitter:label1\" content=\"Dur\u00e9e de lecture estim\u00e9e\" \/>\n\t<meta name=\"twitter:data1\" content=\"4 minutes\" \/>\n<script type=\"application\/ld+json\" class=\"yoast-schema-graph\">{\"@context\":\"https:\/\/schema.org\",\"@graph\":[{\"@type\":\"WebPage\",\"@id\":\"http:\/\/www.ecuries-jolly.com\/fr\/les-ecuries\/\",\"url\":\"http:\/\/www.ecuries-jolly.com\/fr\/les-ecuries\/\",\"name\":\"Les \u00c9curies - \u00c9curies Jolly\",\"isPartOf\":{\"@id\":\"http:\/\/www.ecuries-jolly.com\/fr\/#website\"},\"datePublished\":\"2017-12-18T16:52:53+00:00\",\"dateModified\":\"2020-11-24T17:21:32+00:00\",\"inLanguage\":\"fr-FR\",\"potentialAction\":[{\"@type\":\"ReadAction\",\"target\":[\"http:\/\/www.ecuries-jolly.com\/fr\/les-ecuries\/\"]}]},{\"@type\":\"WebSite\",\"@id\":\"http:\/\/www.ecuries-jolly.com\/fr\/#website\",\"url\":\"http:\/\/www.ecuries-jolly.com\/fr\/\",\"name\":\"\u00c9curies Jolly\",\"description\":\"\",\"potentialAction\":[{\"@type\":\"SearchAction\",\"target\":{\"@type\":\"EntryPoint\",\"urlTemplate\":\"http:\/\/www.ecuries-jolly.com\/fr\/?s={search_term_string}\"},\"query-input\":{\"@type\":\"PropertyValueSpecification\",\"valueRequired\":true,\"valueName\":\"search_term_string\"}}],\"inLanguage\":\"fr-FR\"}]}<\/script>\n<!-- \/ Yoast SEO plugin. -->","yoast_head_json":{"title":"Les \u00c9curies - \u00c9curies Jolly","robots":{"index":"index","follow":"follow","max-snippet":"max-snippet:-1","max-image-preview":"max-image-preview:large","max-video-preview":"max-video-preview:-1"},"canonical":"http:\/\/www.ecuries-jolly.com\/fr\/les-ecuries\/","og_locale":"fr_FR","og_type":"article","og_title":"Les \u00c9curies - \u00c9curies Jolly","og_description":"Nous vous accueillons \u00e0 La Cambe dans le Calvados. 21ha d\u00e9di\u00e9s \u00e0 notre passion \u00e0 30mn de Caen et St L\u00f4 et 3h de Paris. Acc\u00e8s imm\u00e9diat depuis la N13. INSTALLATIONS 30 boxes dont 8 boxes poulinage et entiers Douche avec eau chaude Sellerie propri\u00e9taires Carri\u00e8re 75 x 40 m en sable de Fontainebleau Marcheur 6 places Piste de galop 1000m Piste de trot 600m 19 paddocks avec abris \u2013 cl\u00f4tur\u00e9s en lices bois 2 stabulations Rond d&rsquo;Avrincourt","og_url":"http:\/\/www.ecuries-jolly.com\/fr\/les-ecuries\/","og_site_name":"\u00c9curies Jolly","article_modified_time":"2020-11-24T17:21:32+00:00","twitter_card":"summary_large_image","twitter_misc":{"Dur\u00e9e de lecture estim\u00e9e":"4 minutes"},"schema":{"@context":"https:\/\/schema.org","@graph":[{"@type":"WebPage","@id":"http:\/\/www.ecuries-jolly.com\/fr\/les-ecuries\/","url":"http:\/\/www.ecuries-jolly.com\/fr\/les-ecuries\/","name":"Les \u00c9curies - \u00c9curies Jolly","isPartOf":{"@id":"http:\/\/www.ecuries-jolly.com\/fr\/#website"},"datePublished":"2017-12-18T16:52:53+00:00","dateModified":"2020-11-24T17:21:32+00:00","inLanguage":"fr-FR","potentialAction":[{"@type":"ReadAction","target":["http:\/\/www.ecuries-jolly.com\/fr\/les-ecuries\/"]}]},{"@type":"WebSite","@id":"http:\/\/www.ecuries-jolly.com\/fr\/#website","url":"http:\/\/www.ecuries-jolly.com\/fr\/","name":"\u00c9curies Jolly","description":"","potentialAction":[{"@type":"SearchAction","target":{"@type":"EntryPoint","urlTemplate":"http:\/\/www.ecuries-jolly.com\/fr\/?s={search_term_string}"},"query-input":{"@type":"PropertyValueSpecification","valueRequired":true,"valueName":"search_term_string"}}],"inLanguage":"fr-FR"}]}},"_links":{"self":[{"href":"https:\/\/www.ecuries-jolly.com\/fr\/wp-json\/wp\/v2\/pages\/11","targetHints":{"allow":["GET"]}}],"collection":[{"href":"https:\/\/www.ecuries-jolly.com\/fr\/wp-json\/wp\/v2\/pages"}],"about":[{"href":"https:\/\/www.ecuries-jolly.com\/fr\/wp-json\/wp\/v2\/types\/page"}],"author":[{"embeddable":true,"href":"https:\/\/www.ecuries-jolly.com\/fr\/wp-json\/wp\/v2\/users\/2"}],"replies":[{"embeddable":true,"href":"https:\/\/www.ecuries-jolly.com\/fr\/wp-json\/wp\/v2\/comments?post=11"}],"version-history":[{"count":0,"href":"https:\/\/www.ecuries-jolly.com\/fr\/wp-json\/wp\/v2\/pages\/11\/revisions"}],"wp:attachment":[{"href":"https:\/\/www.ecuries-jolly.com\/fr\/wp-json\/wp\/v2\/media?parent=11"}],"wp:term":[{"taxonomy":"post_tag","embeddable":true,"href":"https:\/\/www.ecuries-jolly.com\/fr\/wp-json\/wp\/v2\/tags?post=11"}],"curies":[{"name":"wp","href":"https:\/\/api.w.org\/{rel}","templated":true}]}}