{"id":370,"date":"2017-12-18T18:26:14","date_gmt":"2017-12-18T17:26:14","guid":{"rendered":"https:\/\/www.ecuries-jolly.com\/mentions-legales\/"},"modified":"2019-02-06T21:37:25","modified_gmt":"2019-02-06T20:37:25","slug":"legal-notices","status":"publish","type":"page","link":"https:\/\/www.ecuries-jolly.com\/en\/legal-notices\/","title":{"rendered":"Legal Notices"},"content":{"rendered":"<div class=\"wpb-content-wrapper\"><p>[vc_row][vc_column][vc_separator color=&#8221;chino&#8221; style=&#8221;double&#8221; css_animation=&#8221;fadeIn&#8221;][\/vc_column][\/vc_row][vc_row][vc_column][vc_column_text css_animation=&#8221;fadeIn&#8221;]<\/p>\n<h2 style=\"text-align: center;\">ECURIES JOLLY<\/h2>\n<p style=\"text-align: center;\">EARL &#8211; Exploitation agricole \u00e0 responsabilit\u00e9 limit\u00e9<br \/>\nAu capital social 350 000,00 \u20ac<\/p>\n<p style=\"text-align: center;\"><strong>Siret :<\/strong> 82987159900017<br \/>\n<strong>APE :<\/strong> 0143Z<\/p>\n<p style=\"text-align: center;\"><strong>G\u00e9rant :<\/strong> Pierre-Jean Jolly<\/p>\n<p style=\"text-align: center;\"><strong>Address : <\/strong>Ferme de Beauvais 14230 La Cambe<\/p>\n<p style=\"text-align: center;\"><strong>WebDesign :<\/strong> <a href=\"https:\/\/www.webcom.me\" target=\"_blank\" rel=\"noopener\">www.webcom.me<\/a><\/p>\n<p>[\/vc_column_text][\/vc_column][\/vc_row][vc_row][vc_column][vc_separator color=&#8221;chino&#8221; style=&#8221;double&#8221; css_animation=&#8221;fadeIn&#8221;][\/vc_column][\/vc_row]<\/p>\n<\/div>","protected":false},"excerpt":{"rendered":"<p> ECURIES JOLLY EARL &#8211; Exploitation agricole \u00e0 responsabilit\u00e9 limit\u00e9 Au capital social 350 000,00 \u20ac Siret : 82987159900017 APE : 0143Z G\u00e9rant : Pierre-Jean Jolly Address : Ferme de Beauvais 14230 La Cambe WebDesign : www.webcom.me <\/p>\n","protected":false},"author":2,"featured_media":0,"parent":0,"menu_order":0,"comment_status":"closed","ping_status":"closed","template":"","meta":{"footnotes":""},"tags":[],"class_list":["post-370","page","type-page","status-publish","hentry"],"yoast_head":"<!-- This site is optimized with the Yoast SEO plugin v27.2 - https:\/\/yoast.com\/product\/yoast-seo-wordpress\/ -->\n<title>Legal Notices - \u00c9curies Jolly<\/title>\n<meta name=\"robots\" content=\"index, follow, max-snippet:-1, max-image-preview:large, max-video-preview:-1\" \/>\n<link rel=\"canonical\" href=\"http:\/\/www.ecuries-jolly.com\/en\/legal-notices\/\" \/>\n<meta property=\"og:locale\" content=\"en_US\" \/>\n<meta property=\"og:type\" content=\"article\" \/>\n<meta property=\"og:title\" content=\"Legal Notices - \u00c9curies Jolly\" \/>\n<meta property=\"og:description\" content=\"ECURIES JOLLY EARL &#8211; Exploitation agricole \u00e0 responsabilit\u00e9 limit\u00e9 Au capital social 350 000,00 \u20ac Siret : 82987159900017 APE : 0143Z G\u00e9rant : Pierre-Jean Jolly Address : Ferme de Beauvais 14230 La Cambe WebDesign : www.webcom.me\" \/>\n<meta property=\"og:url\" content=\"http:\/\/www.ecuries-jolly.com\/en\/legal-notices\/\" \/>\n<meta property=\"og:site_name\" content=\"\u00c9curies Jolly\" \/>\n<meta property=\"article:modified_time\" content=\"2019-02-06T20:37:25+00:00\" \/>\n<meta name=\"twitter:card\" content=\"summary_large_image\" \/>\n<script type=\"application\/ld+json\" class=\"yoast-schema-graph\">{\"@context\":\"https:\/\/schema.org\",\"@graph\":[{\"@type\":\"WebPage\",\"@id\":\"http:\/\/www.ecuries-jolly.com\/en\/legal-notices\/\",\"url\":\"http:\/\/www.ecuries-jolly.com\/en\/legal-notices\/\",\"name\":\"Legal Notices - \u00c9curies Jolly\",\"isPartOf\":{\"@id\":\"https:\/\/www.ecuries-jolly.com\/fr\/#website\"},\"datePublished\":\"2017-12-18T17:26:14+00:00\",\"dateModified\":\"2019-02-06T20:37:25+00:00\",\"inLanguage\":\"en-US\",\"potentialAction\":[{\"@type\":\"ReadAction\",\"target\":[\"http:\/\/www.ecuries-jolly.com\/en\/legal-notices\/\"]}]},{\"@type\":\"WebSite\",\"@id\":\"https:\/\/www.ecuries-jolly.com\/fr\/#website\",\"url\":\"https:\/\/www.ecuries-jolly.com\/fr\/\",\"name\":\"\u00c9curies Jolly\",\"description\":\"\",\"potentialAction\":[{\"@type\":\"SearchAction\",\"target\":{\"@type\":\"EntryPoint\",\"urlTemplate\":\"https:\/\/www.ecuries-jolly.com\/fr\/?s={search_term_string}\"},\"query-input\":{\"@type\":\"PropertyValueSpecification\",\"valueRequired\":true,\"valueName\":\"search_term_string\"}}],\"inLanguage\":\"en-US\"}]}<\/script>\n<!-- \/ Yoast SEO plugin. -->","yoast_head_json":{"title":"Legal Notices - \u00c9curies Jolly","robots":{"index":"index","follow":"follow","max-snippet":"max-snippet:-1","max-image-preview":"max-image-preview:large","max-video-preview":"max-video-preview:-1"},"canonical":"http:\/\/www.ecuries-jolly.com\/en\/legal-notices\/","og_locale":"en_US","og_type":"article","og_title":"Legal Notices - \u00c9curies Jolly","og_description":"ECURIES JOLLY EARL &#8211; Exploitation agricole \u00e0 responsabilit\u00e9 limit\u00e9 Au capital social 350 000,00 \u20ac Siret : 82987159900017 APE : 0143Z G\u00e9rant : Pierre-Jean Jolly Address : Ferme de Beauvais 14230 La Cambe WebDesign : www.webcom.me","og_url":"http:\/\/www.ecuries-jolly.com\/en\/legal-notices\/","og_site_name":"\u00c9curies Jolly","article_modified_time":"2019-02-06T20:37:25+00:00","twitter_card":"summary_large_image","schema":{"@context":"https:\/\/schema.org","@graph":[{"@type":"WebPage","@id":"http:\/\/www.ecuries-jolly.com\/en\/legal-notices\/","url":"http:\/\/www.ecuries-jolly.com\/en\/legal-notices\/","name":"Legal Notices - \u00c9curies Jolly","isPartOf":{"@id":"https:\/\/www.ecuries-jolly.com\/fr\/#website"},"datePublished":"2017-12-18T17:26:14+00:00","dateModified":"2019-02-06T20:37:25+00:00","inLanguage":"en-US","potentialAction":[{"@type":"ReadAction","target":["http:\/\/www.ecuries-jolly.com\/en\/legal-notices\/"]}]},{"@type":"WebSite","@id":"https:\/\/www.ecuries-jolly.com\/fr\/#website","url":"https:\/\/www.ecuries-jolly.com\/fr\/","name":"\u00c9curies Jolly","description":"","potentialAction":[{"@type":"SearchAction","target":{"@type":"EntryPoint","urlTemplate":"https:\/\/www.ecuries-jolly.com\/fr\/?s={search_term_string}"},"query-input":{"@type":"PropertyValueSpecification","valueRequired":true,"valueName":"search_term_string"}}],"inLanguage":"en-US"}]}},"_links":{"self":[{"href":"https:\/\/www.ecuries-jolly.com\/en\/wp-json\/wp\/v2\/pages\/370","targetHints":{"allow":["GET"]}}],"collection":[{"href":"https:\/\/www.ecuries-jolly.com\/en\/wp-json\/wp\/v2\/pages"}],"about":[{"href":"https:\/\/www.ecuries-jolly.com\/en\/wp-json\/wp\/v2\/types\/page"}],"author":[{"embeddable":true,"href":"https:\/\/www.ecuries-jolly.com\/en\/wp-json\/wp\/v2\/users\/2"}],"replies":[{"embeddable":true,"href":"https:\/\/www.ecuries-jolly.com\/en\/wp-json\/wp\/v2\/comments?post=370"}],"version-history":[{"count":0,"href":"https:\/\/www.ecuries-jolly.com\/en\/wp-json\/wp\/v2\/pages\/370\/revisions"}],"wp:attachment":[{"href":"https:\/\/www.ecuries-jolly.com\/en\/wp-json\/wp\/v2\/media?parent=370"}],"wp:term":[{"taxonomy":"post_tag","embeddable":true,"href":"https:\/\/www.ecuries-jolly.com\/en\/wp-json\/wp\/v2\/tags?post=370"}],"curies":[{"name":"wp","href":"https:\/\/api.w.org\/{rel}","templated":true}]}}