{"id":16,"date":"2017-12-18T17:56:04","date_gmt":"2017-12-18T16:56:04","guid":{"rendered":"https:\/\/www.ecuries-jolly.com\/?page_id=16"},"modified":"2019-02-06T21:39:04","modified_gmt":"2019-02-06T20:39:04","slug":"contactez-nous","status":"publish","type":"page","link":"http:\/\/www.ecuries-jolly.com\/fr\/contactez-nous\/","title":{"rendered":"\u00c9curies Jolly &#8211; NORMANDIE \u2013 FRANCE"},"content":{"rendered":"<div class=\"wpb-content-wrapper\"><p>[vc_row][vc_column][vc_separator color=\u00a0\u00bbchino\u00a0\u00bb style=\u00a0\u00bbdouble\u00a0\u00bb][\/vc_column][\/vc_row][vc_row full_width=\u00a0\u00bbstretch_row_content_no_spaces\u00a0\u00bb][vc_column][vc_column_text css_animation=\u00a0\u00bbfadeIn\u00a0\u00bb]<iframe loading=\"lazy\" style=\"border: 0;\" src=\"https:\/\/www.google.com\/maps\/embed?pb=!1m18!1m12!1m3!1d140032.8599185128!2d-0.933070250407401!3d49.29532141931727!2m3!1f0!2f0!3f0!3m2!1i1024!2i768!4f13.1!3m3!1m2!1s0x480ba0be4c98cc2b%3A0x37758207079b3e29!2sBeauvais%2C+14230+La+Cambe!5e0!3m2!1sfr!2sfr!4v1543526486097\" width=\"100%\" height=\"450\" frameborder=\"0\" allowfullscreen=\"allowfullscreen\"><\/iframe>[\/vc_column_text][\/vc_column][\/vc_row][vc_row][vc_column][vc_column_text css_animation=\u00a0\u00bbfadeIn\u00a0\u00bb]<\/p>\n<h3>N&rsquo;h\u00e9sitez pas \u00e0 nous contacter&#8230;<\/h3>\n<h5>Nous vous r\u00e9pondrons dans les plus brefs d\u00e9lais !<\/h5>\n<p>[\/vc_column_text][\/vc_column][\/vc_row][vc_row][vc_column width=\u00a0\u00bb1\/2&Prime;]\n<div class=\"wpcf7 no-js\" id=\"wpcf7-f6-o1\" lang=\"fr-FR\" dir=\"ltr\" data-wpcf7-id=\"6\">\n<div class=\"screen-reader-response\"><p role=\"status\" aria-live=\"polite\" aria-atomic=\"true\"><\/p> <ul><\/ul><\/div>\n<form action=\"\/fr\/wp-json\/wp\/v2\/pages\/16#wpcf7-f6-o1\" method=\"post\" class=\"wpcf7-form init\" aria-label=\"Formulaire de contact\" novalidate=\"novalidate\" data-status=\"init\">\n<fieldset class=\"hidden-fields-container\"><input type=\"hidden\" name=\"_wpcf7\" value=\"6\" \/><input type=\"hidden\" name=\"_wpcf7_version\" value=\"6.1.5\" \/><input type=\"hidden\" name=\"_wpcf7_locale\" value=\"fr_FR\" \/><input type=\"hidden\" name=\"_wpcf7_unit_tag\" value=\"wpcf7-f6-o1\" \/><input type=\"hidden\" name=\"_wpcf7_container_post\" value=\"0\" \/><input type=\"hidden\" name=\"_wpcf7_posted_data_hash\" value=\"\" \/>\n<\/fieldset>\n<p><label> Votre Nom (obligatoire)<br \/>\n<span class=\"wpcf7-form-control-wrap\" data-name=\"your-name\"><input size=\"40\" maxlength=\"400\" class=\"wpcf7-form-control wpcf7-text wpcf7-validates-as-required\" aria-required=\"true\" aria-invalid=\"false\" value=\"\" type=\"text\" name=\"your-name\" \/><\/span> <\/label>\n<\/p>\n<p><label> Votre Pr\u00e9nom (obligatoire)<br \/>\n<span class=\"wpcf7-form-control-wrap\" data-name=\"your-firstname\"><input size=\"40\" maxlength=\"400\" class=\"wpcf7-form-control wpcf7-text wpcf7-validates-as-required\" aria-required=\"true\" aria-invalid=\"false\" value=\"\" type=\"text\" name=\"your-firstname\" \/><\/span> <\/label>\n<\/p>\n<p><label> Votre T\u00e9l\u00e9phone (obligatoire)<br \/>\n<span class=\"wpcf7-form-control-wrap\" data-name=\"your-tel\"><input size=\"40\" maxlength=\"400\" class=\"wpcf7-form-control wpcf7-tel wpcf7-validates-as-required wpcf7-text wpcf7-validates-as-tel\" aria-required=\"true\" aria-invalid=\"false\" value=\"\" type=\"tel\" name=\"your-tel\" \/><\/span> <\/label>\n<\/p>\n<p><label> Votre Email (obligatoire)<br \/>\n<span class=\"wpcf7-form-control-wrap\" data-name=\"your-email\"><input size=\"40\" maxlength=\"400\" class=\"wpcf7-form-control wpcf7-email wpcf7-validates-as-required wpcf7-text wpcf7-validates-as-email\" aria-required=\"true\" aria-invalid=\"false\" value=\"\" type=\"email\" name=\"your-email\" \/><\/span> <\/label>\n<\/p>\n<p><label> Votre message<br \/>\n<span class=\"wpcf7-form-control-wrap\" data-name=\"your-message\"><textarea cols=\"40\" rows=\"10\" maxlength=\"2000\" class=\"wpcf7-form-control wpcf7-textarea\" aria-invalid=\"false\" name=\"your-message\"><\/textarea><\/span> <\/label><br \/>\n<span class=\"wpcf7-form-control-wrap\" data-name=\"confidentiality\"><span class=\"wpcf7-form-control wpcf7-checkbox wpcf7-validates-as-required\"><span class=\"wpcf7-list-item first last\"><input type=\"checkbox\" name=\"confidentiality[]\" value=\"J&#039;ai lu et accepte la politique de confidentialit\u00e9 de ce site\" \/><span class=\"wpcf7-list-item-label\">J&#039;ai lu et accepte la politique de confidentialit\u00e9 de ce site<\/span><\/span><\/span><\/span>\n<\/p>\n<p><input class=\"wpcf7-form-control wpcf7-submit has-spinner\" type=\"submit\" value=\"Envoyer\" \/>\n<\/p><div class=\"wpcf7-response-output\" aria-hidden=\"true\"><\/div>\n<\/form>\n<\/div>\n[\/vc_column][vc_column width=\u00a0\u00bb1\/2&Prime;][vc_single_image image=\u00a0\u00bb140&Prime; img_size=\u00a0\u00bbfull\u00a0\u00bb alignment=\u00a0\u00bbcenter\u00a0\u00bb style=\u00a0\u00bbvc_box_shadow_border\u00a0\u00bb css_animation=\u00a0\u00bbfadeIn\u00a0\u00bb][vc_separator color=\u00a0\u00bbchino\u00a0\u00bb style=\u00a0\u00bbdouble\u00a0\u00bb][vc_row_inner][vc_column_inner width=\u00a0\u00bb2\/3&Prime;][vc_column_text css_animation=\u00a0\u00bbleft-to-right\u00a0\u00bb]<\/p>\n<h3>\u00c9curies Jolly<\/h3>\n<p>Situ\u00e9e au c\u0153ur de la r\u00e9gion du cheval, les Ecuries Jolly vous proposent de nombreux services. Cavalier amateur, pro ou \u00e9leveur, nous vous offrons des prestations \u00e0 la carte de pensions, coaching personnalis\u00e9, stages courte et longue dur\u00e9e, \u00e9levage, valorisation et vente de chevaux.[\/vc_column_text][\/vc_column_inner][vc_column_inner width=\u00a0\u00bb1\/3&Prime;][vc_empty_space][vc_single_image image=\u00a0\u00bb32&Prime; img_size=\u00a0\u00bbfull\u00a0\u00bb alignment=\u00a0\u00bbcenter\u00a0\u00bb css_animation=\u00a0\u00bbfadeIn\u00a0\u00bb][\/vc_column_inner][\/vc_row_inner][vc_separator color=\u00a0\u00bbchino\u00a0\u00bb style=\u00a0\u00bbdouble\u00a0\u00bb][vc_empty_space][vc_column_text css_animation=\u00a0\u00bbfadeIn\u00a0\u00bb]<\/p>\n<p style=\"text-align: center;\"><strong>Ferme de Beauvais<\/strong><br \/>\n14230 La Cambe<br \/>\nNORMANDIE \u2013 FRANCE<\/p>\n<p style=\"text-align: center;\">T\u00e9l : 06 33 43 19 37<br \/>\nMail : <a href=\"&#109;&#x61;i&#108;&#x74;o&#58;&#x69;n&#x66;&#x6f;&#64;&#x65;c&#117;&#x72;i&#101;&#x73;j&#x6f;&#x6c;&#108;&#x79;&#x2e;&#99;&#x6f;m\">&#105;n&#x66;o&#x40;e&#x63;&#117;&#x72;&#105;&#x65;&#115;j&#x6f;l&#x6c;y&#x2e;&#99;&#x6f;&#109;<\/a><\/p>\n<p>[\/vc_column_text][\/vc_column][\/vc_row][vc_row][vc_column][vc_separator color=\u00a0\u00bbchino\u00a0\u00bb style=\u00a0\u00bbdouble\u00a0\u00bb][\/vc_column][\/vc_row]<\/p>\n<\/div>","protected":false},"excerpt":{"rendered":"<p> N&rsquo;h\u00e9sitez pas \u00e0 nous contacter&#8230; Nous vous r\u00e9pondrons dans les plus brefs d\u00e9lais !  \u00c9curies Jolly Situ\u00e9e au c\u0153ur de la r\u00e9gion du cheval, les Ecuries Jolly vous proposent de nombreux services. Cavalier amateur, pro ou \u00e9leveur, nous vous offrons des prestations \u00e0 la carte de pensions, coaching personnalis\u00e9, stages courte et longue dur\u00e9e, \u00e9levage, valorisation et vente de chevaux. Ferme de Beauvais 14230 La Cambe NORMANDIE \u2013 FRANCE T\u00e9l : 06 33 43 <\/p>\n","protected":false},"author":2,"featured_media":0,"parent":0,"menu_order":0,"comment_status":"closed","ping_status":"closed","template":"","meta":{"footnotes":""},"tags":[],"class_list":["post-16","page","type-page","status-publish","hentry"],"yoast_head":"<!-- This site is optimized with the Yoast SEO plugin v27.2 - https:\/\/yoast.com\/product\/yoast-seo-wordpress\/ -->\n<title>\u00c9curies Jolly - NORMANDIE \u2013 FRANCE - \u00c9curies Jolly<\/title>\n<meta name=\"robots\" content=\"index, follow, max-snippet:-1, max-image-preview:large, max-video-preview:-1\" \/>\n<link rel=\"canonical\" href=\"http:\/\/www.ecuries-jolly.com\/fr\/contactez-nous\/\" \/>\n<meta property=\"og:locale\" content=\"fr_FR\" \/>\n<meta property=\"og:type\" content=\"article\" \/>\n<meta property=\"og:title\" content=\"\u00c9curies Jolly - NORMANDIE \u2013 FRANCE - \u00c9curies Jolly\" \/>\n<meta property=\"og:description\" content=\"N&rsquo;h\u00e9sitez pas \u00e0 nous contacter&#8230; Nous vous r\u00e9pondrons dans les plus brefs d\u00e9lais ! \u00c9curies Jolly Situ\u00e9e au c\u0153ur de la r\u00e9gion du cheval, les Ecuries Jolly vous proposent de nombreux services. Cavalier amateur, pro ou \u00e9leveur, nous vous offrons des prestations \u00e0 la carte de pensions, coaching personnalis\u00e9, stages courte et longue dur\u00e9e, \u00e9levage, valorisation et vente de chevaux. Ferme de Beauvais 14230 La Cambe NORMANDIE \u2013 FRANCE T\u00e9l : 06 33 43\" \/>\n<meta property=\"og:url\" content=\"http:\/\/www.ecuries-jolly.com\/fr\/contactez-nous\/\" \/>\n<meta property=\"og:site_name\" content=\"\u00c9curies Jolly\" \/>\n<meta property=\"article:modified_time\" content=\"2019-02-06T20:39:04+00:00\" \/>\n<meta name=\"twitter:card\" content=\"summary_large_image\" \/>\n<meta name=\"twitter:label1\" content=\"Dur\u00e9e de lecture estim\u00e9e\" \/>\n\t<meta name=\"twitter:data1\" content=\"1 minute\" \/>\n<script type=\"application\/ld+json\" class=\"yoast-schema-graph\">{\"@context\":\"https:\/\/schema.org\",\"@graph\":[{\"@type\":\"WebPage\",\"@id\":\"http:\/\/www.ecuries-jolly.com\/fr\/contactez-nous\/\",\"url\":\"http:\/\/www.ecuries-jolly.com\/fr\/contactez-nous\/\",\"name\":\"\u00c9curies Jolly - NORMANDIE \u2013 FRANCE - \u00c9curies Jolly\",\"isPartOf\":{\"@id\":\"https:\/\/www.ecuries-jolly.com\/en\/#website\"},\"datePublished\":\"2017-12-18T16:56:04+00:00\",\"dateModified\":\"2019-02-06T20:39:04+00:00\",\"inLanguage\":\"fr-FR\",\"potentialAction\":[{\"@type\":\"ReadAction\",\"target\":[\"http:\/\/www.ecuries-jolly.com\/fr\/contactez-nous\/\"]}]},{\"@type\":\"WebSite\",\"@id\":\"https:\/\/www.ecuries-jolly.com\/en\/#website\",\"url\":\"https:\/\/www.ecuries-jolly.com\/en\/\",\"name\":\"\u00c9curies Jolly\",\"description\":\"\",\"potentialAction\":[{\"@type\":\"SearchAction\",\"target\":{\"@type\":\"EntryPoint\",\"urlTemplate\":\"https:\/\/www.ecuries-jolly.com\/en\/?s={search_term_string}\"},\"query-input\":{\"@type\":\"PropertyValueSpecification\",\"valueRequired\":true,\"valueName\":\"search_term_string\"}}],\"inLanguage\":\"fr-FR\"}]}<\/script>\n<!-- \/ Yoast SEO plugin. -->","yoast_head_json":{"title":"\u00c9curies Jolly - NORMANDIE \u2013 FRANCE - \u00c9curies Jolly","robots":{"index":"index","follow":"follow","max-snippet":"max-snippet:-1","max-image-preview":"max-image-preview:large","max-video-preview":"max-video-preview:-1"},"canonical":"http:\/\/www.ecuries-jolly.com\/fr\/contactez-nous\/","og_locale":"fr_FR","og_type":"article","og_title":"\u00c9curies Jolly - NORMANDIE \u2013 FRANCE - \u00c9curies Jolly","og_description":"N&rsquo;h\u00e9sitez pas \u00e0 nous contacter&#8230; Nous vous r\u00e9pondrons dans les plus brefs d\u00e9lais ! \u00c9curies Jolly Situ\u00e9e au c\u0153ur de la r\u00e9gion du cheval, les Ecuries Jolly vous proposent de nombreux services. Cavalier amateur, pro ou \u00e9leveur, nous vous offrons des prestations \u00e0 la carte de pensions, coaching personnalis\u00e9, stages courte et longue dur\u00e9e, \u00e9levage, valorisation et vente de chevaux. Ferme de Beauvais 14230 La Cambe NORMANDIE \u2013 FRANCE T\u00e9l : 06 33 43","og_url":"http:\/\/www.ecuries-jolly.com\/fr\/contactez-nous\/","og_site_name":"\u00c9curies Jolly","article_modified_time":"2019-02-06T20:39:04+00:00","twitter_card":"summary_large_image","twitter_misc":{"Dur\u00e9e de lecture estim\u00e9e":"1 minute"},"schema":{"@context":"https:\/\/schema.org","@graph":[{"@type":"WebPage","@id":"http:\/\/www.ecuries-jolly.com\/fr\/contactez-nous\/","url":"http:\/\/www.ecuries-jolly.com\/fr\/contactez-nous\/","name":"\u00c9curies Jolly - NORMANDIE \u2013 FRANCE - \u00c9curies Jolly","isPartOf":{"@id":"https:\/\/www.ecuries-jolly.com\/en\/#website"},"datePublished":"2017-12-18T16:56:04+00:00","dateModified":"2019-02-06T20:39:04+00:00","inLanguage":"fr-FR","potentialAction":[{"@type":"ReadAction","target":["http:\/\/www.ecuries-jolly.com\/fr\/contactez-nous\/"]}]},{"@type":"WebSite","@id":"https:\/\/www.ecuries-jolly.com\/en\/#website","url":"https:\/\/www.ecuries-jolly.com\/en\/","name":"\u00c9curies Jolly","description":"","potentialAction":[{"@type":"SearchAction","target":{"@type":"EntryPoint","urlTemplate":"https:\/\/www.ecuries-jolly.com\/en\/?s={search_term_string}"},"query-input":{"@type":"PropertyValueSpecification","valueRequired":true,"valueName":"search_term_string"}}],"inLanguage":"fr-FR"}]}},"_links":{"self":[{"href":"http:\/\/www.ecuries-jolly.com\/fr\/wp-json\/wp\/v2\/pages\/16","targetHints":{"allow":["GET"]}}],"collection":[{"href":"http:\/\/www.ecuries-jolly.com\/fr\/wp-json\/wp\/v2\/pages"}],"about":[{"href":"http:\/\/www.ecuries-jolly.com\/fr\/wp-json\/wp\/v2\/types\/page"}],"author":[{"embeddable":true,"href":"http:\/\/www.ecuries-jolly.com\/fr\/wp-json\/wp\/v2\/users\/2"}],"replies":[{"embeddable":true,"href":"http:\/\/www.ecuries-jolly.com\/fr\/wp-json\/wp\/v2\/comments?post=16"}],"version-history":[{"count":0,"href":"http:\/\/www.ecuries-jolly.com\/fr\/wp-json\/wp\/v2\/pages\/16\/revisions"}],"wp:attachment":[{"href":"http:\/\/www.ecuries-jolly.com\/fr\/wp-json\/wp\/v2\/media?parent=16"}],"wp:term":[{"taxonomy":"post_tag","embeddable":true,"href":"http:\/\/www.ecuries-jolly.com\/fr\/wp-json\/wp\/v2\/tags?post=16"}],"curies":[{"name":"wp","href":"https:\/\/api.w.org\/{rel}","templated":true}]}}